{"id":4434,"date":"2025-05-17T19:12:15","date_gmt":"2025-05-17T19:12:15","guid":{"rendered":"https:\/\/scoaladochia.ro\/?page_id=4434"},"modified":"2025-05-17T20:17:22","modified_gmt":"2025-05-17T20:17:22","slug":"https-scoaladochia-ro-page_id4434","status":"publish","type":"page","link":"https:\/\/scoaladochia.ro\/?page_id=4434","title":{"rendered":"Despre noi"},"content":{"rendered":"\t\t<div data-elementor-type=\"wp-post\" data-elementor-id=\"4434\" class=\"elementor elementor-4434\">\n\t\t\t\t\t\t<div class=\"elementor-inner\">\n\t\t\t\t<div class=\"elementor-section-wrap\">\n\t\t\t\t\t\t\t\t\t<section class=\"elementor-section elementor-top-section elementor-element elementor-element-6bd79ff5 elementor-section-height-min-height elementor-section-content-middle elementor-section-full_width elementor-section-height-default elementor-section-items-middle\" data-id=\"6bd79ff5\" data-element_type=\"section\" data-settings=\"{&quot;background_background&quot;:&quot;classic&quot;}\">\n\t\t\t\t\t\t\t<div class=\"elementor-background-overlay\"><\/div>\n\t\t\t\t\t\t\t<div class=\"elementor-container elementor-column-gap-wider\">\n\t\t\t\t\t\t\t<div class=\"elementor-row\">\n\t\t\t\t\t<div class=\"elementor-column elementor-col-100 elementor-top-column elementor-element elementor-element-2fec346a\" data-id=\"2fec346a\" data-element_type=\"column\">\n\t\t\t<div class=\"elementor-column-wrap elementor-element-populated\">\n\t\t\t\t\t\t\t<div class=\"elementor-widget-wrap\">\n\t\t\t\t\t\t<div class=\"elementor-element elementor-element-66abc1f elementor-widget__width-initial elementor-widget elementor-widget-heading\" data-id=\"66abc1f\" data-element_type=\"widget\" data-widget_type=\"heading.default\">\n\t\t\t\t<div class=\"elementor-widget-container\">\n\t\t\t<h2 class=\"elementor-heading-title elementor-size-default\"><br>DESPRE NOI<\/h2>\t\t<\/div>\n\t\t\t\t<\/div>\n\t\t\t\t<div class=\"elementor-element elementor-element-573340fe elementor-widget elementor-widget-text-editor\" data-id=\"573340fe\" data-element_type=\"widget\" data-widget_type=\"text-editor.default\">\n\t\t\t\t<div class=\"elementor-widget-container\">\n\t\t\t\t\t\t\t\t<div class=\"elementor-text-editor elementor-clearfix\">\n\t\t\t\t\t\t\t\t\t<\/div>\n\t\t\t\t\t\t<\/div>\n\t\t\t\t<\/div>\n\t\t\t\t<div class=\"elementor-element elementor-element-c7c6d76 elementor-widget elementor-widget-spacer\" data-id=\"c7c6d76\" data-element_type=\"widget\" data-widget_type=\"spacer.default\">\n\t\t\t\t<div class=\"elementor-widget-container\">\n\t\t\t\t\t<div class=\"elementor-spacer\">\n\t\t\t<div class=\"elementor-spacer-inner\"><\/div>\n\t\t<\/div>\n\t\t\t\t<\/div>\n\t\t\t\t<\/div>\n\t\t\t\t<div class=\"elementor-element elementor-element-4eadf8c9 elementor-widget elementor-widget-text-editor\" data-id=\"4eadf8c9\" data-element_type=\"widget\" data-widget_type=\"text-editor.default\">\n\t\t\t\t<div class=\"elementor-widget-container\">\n\t\t\t\t\t\t\t\t<div class=\"elementor-text-editor elementor-clearfix\">\n\t\t\t\t\t\t\t\t\t<\/div>\n\t\t\t\t\t\t<\/div>\n\t\t\t\t<\/div>\n\t\t\t\t<div class=\"elementor-element elementor-element-6a3b5b8 elementor-widget elementor-widget-text-editor\" data-id=\"6a3b5b8\" data-element_type=\"widget\" data-widget_type=\"text-editor.default\">\n\t\t\t\t<div class=\"elementor-widget-container\">\n\t\t\t\t\t\t\t\t<div class=\"elementor-text-editor elementor-clearfix\">\n\t\t\t\t\t\t\t\t\t<\/div>\n\t\t\t\t\t\t<\/div>\n\t\t\t\t<\/div>\n\t\t\t\t<div class=\"elementor-element elementor-element-fc75de4 elementor-widget elementor-widget-text-editor\" data-id=\"fc75de4\" data-element_type=\"widget\" data-widget_type=\"text-editor.default\">\n\t\t\t\t<div class=\"elementor-widget-container\">\n\t\t\t\t\t\t\t\t<div class=\"elementor-text-editor elementor-clearfix\">\n\t\t\t\t\t\t\t\t\t<\/div>\n\t\t\t\t\t\t<\/div>\n\t\t\t\t<\/div>\n\t\t\t\t\t\t<\/div>\n\t\t\t\t\t<\/div>\n\t\t<\/div>\n\t\t\t\t\t\t\t\t<\/div>\n\t\t\t\t\t<\/div>\n\t\t<\/section>\n\t\t\t\t<section class=\"elementor-section elementor-top-section elementor-element elementor-element-e98a36a elementor-section-boxed elementor-section-height-default elementor-section-height-default\" data-id=\"e98a36a\" data-element_type=\"section\">\n\t\t\t\t\t\t<div class=\"elementor-container elementor-column-gap-default\">\n\t\t\t\t\t\t\t<div class=\"elementor-row\">\n\t\t\t\t\t<div class=\"elementor-column elementor-col-100 elementor-top-column elementor-element elementor-element-4391b0c\" data-id=\"4391b0c\" data-element_type=\"column\">\n\t\t\t<div class=\"elementor-column-wrap elementor-element-populated\">\n\t\t\t\t\t\t\t<div class=\"elementor-widget-wrap\">\n\t\t\t\t\t\t<div class=\"elementor-element elementor-element-bd96f62 elementor-widget elementor-widget-spacer\" data-id=\"bd96f62\" data-element_type=\"widget\" data-widget_type=\"spacer.default\">\n\t\t\t\t<div class=\"elementor-widget-container\">\n\t\t\t\t\t<div class=\"elementor-spacer\">\n\t\t\t<div class=\"elementor-spacer-inner\"><\/div>\n\t\t<\/div>\n\t\t\t\t<\/div>\n\t\t\t\t<\/div>\n\t\t\t\t\t\t<\/div>\n\t\t\t\t\t<\/div>\n\t\t<\/div>\n\t\t\t\t\t\t\t\t<\/div>\n\t\t\t\t\t<\/div>\n\t\t<\/section>\n\t\t\t\t<section class=\"elementor-section elementor-top-section elementor-element elementor-element-1b57fa4f elementor-section-full_width elementor-section-height-default elementor-section-height-default\" data-id=\"1b57fa4f\" data-element_type=\"section\" data-settings=\"{&quot;background_background&quot;:&quot;classic&quot;}\">\n\t\t\t\t\t\t<div class=\"elementor-container elementor-column-gap-wide\">\n\t\t\t\t\t\t\t<div class=\"elementor-row\">\n\t\t\t\t\t<div class=\"elementor-column elementor-col-100 elementor-top-column elementor-element elementor-element-5461faf8\" data-id=\"5461faf8\" data-element_type=\"column\">\n\t\t\t<div class=\"elementor-column-wrap elementor-element-populated\">\n\t\t\t\t\t\t\t<div class=\"elementor-widget-wrap\">\n\t\t\t\t\t\t<div class=\"elementor-element elementor-element-b95618a elementor-widget elementor-widget-text-editor\" data-id=\"b95618a\" data-element_type=\"widget\" data-widget_type=\"text-editor.default\">\n\t\t\t\t<div class=\"elementor-widget-container\">\n\t\t\t\t\t\t\t\t<div class=\"elementor-text-editor elementor-clearfix\">\n\t\t\t\t<p>\u00cen 2003, prin re\u00eenfiin\u021barea comunei, ne-am desprins de comuna Girov. Astfel, \u0218coala Dochia devine singura unitate \u0219colar\u0103 din comun\u0103 cu personalitate juridic\u0103.\u00a0<\/p><p>Satul Dochia este situat la 22 km de Piatra Neam\u021b, \u00eentre dou\u0103 c\u0103i de acces. Elevii provin din 3 localit\u0103\u021bi: Dochia, B\u0103lu\u0219e\u0219ti, Bahna \u0219i provin din medii sociale diferite. <span style=\"font-size: 15px;\">To\u021bi sunt de na\u021bionalitate rom\u00e2n\u0103, marea majoritate ordotoc\u0219i.\u00a0<\/span><\/p><p>\u00cen prezent, unitatea func\u021bioneaz\u0103 cu c\u00e2te un r\u00e2nd de clase pentru fiecare nivel de studiu, la care se adaug\u0103 grupele de gr\u0103dini\u021b\u0103 cu program normal. Programul claselor I-VIII este de la 8.00-14.00.<\/p><p class=\"MsoNormal\" style=\"margin-bottom: 12.5pt; line-height: 13.75pt; background-image: initial; background-position: initial; background-size: initial; background-repeat: initial; background-attachment: initial; background-origin: initial; background-clip: initial;\"><b><span style=\"font-family: Roboto; mso-fareast-font-family: 'Times New Roman'; mso-bidi-font-family: Arial; color: #242424;\">Misiunea scolii<\/span><\/b><\/p><p class=\"MsoNormal\" style=\"margin-bottom: 12.5pt; line-height: 13.75pt; background-image: initial; background-position: initial; background-size: initial; background-repeat: initial; background-attachment: initial; background-origin: initial; background-clip: initial;\"><span style=\"font-family: Roboto; mso-fareast-font-family: 'Times New Roman'; mso-bidi-font-family: Arial; color: #242424;\">\u0218coala noastr\u0103 \u00ee\u0219i redirec\u0163ioneaz\u0103 resursele \u0219i oferta educa\u021bional\u0103 \u00een func\u021bie de nevoile reale ale comunit\u0103\u021bii, iar principalul beneficiar al strategiei sale este elevul.<\/span><\/p><p class=\"MsoNormal\" style=\"margin-bottom: 12.5pt; line-height: 13.75pt; background-image: initial; background-position: initial; background-size: initial; background-repeat: initial; background-attachment: initial; background-origin: initial; background-clip: initial;\"><span style=\"font-family: Roboto; mso-fareast-font-family: 'Times New Roman'; mso-bidi-font-family: Arial; color: #242424;\">Oferim servicii educa\u021bionale \u0219i formare profesional\u0103, ce au la baz\u0103 calitatea, performan\u0163a, promovarea valorilor europene, egalitatea \u0219anselor pentru toti participantii si deschiderea. Promov\u0103m un \u00eenv\u0103\u021b\u0103m\u00e2nt modern, axat pe elev, care alterneaz\u0103 metodele tradi\u021bionale de predare-\u00eenv\u0103\u021bare cu cele moderne.<\/span><\/p><p class=\"MsoNormal\" style=\"margin-bottom: 12.5pt; line-height: 13.75pt; background-image: initial; background-position: initial; background-size: initial; background-repeat: initial; background-attachment: initial; background-origin: initial; background-clip: initial;\"><span style=\"font-family: Roboto; mso-fareast-font-family: 'Times New Roman'; mso-bidi-font-family: Arial; color: #242424;\">Avem ca prioritate preg\u0103tirea elevilor pentru o lume \u00een schimbare, form\u00e2ndu-le capacit\u0103\u021bi, deprinderi si competen\u021be, care s\u0103 le permit\u0103 s\u0103-\u015fi g\u0103seasc\u0103 locul \u015fi menirea social\u0103. Totodat\u0103, \u0219coala noastr\u0103 \u00ee\u0219i propune dezvoltarea capacit\u0103\u021bii de adaptare \u015fi orientare a elevilor, astfel \u00eencat fiecare absolvent s\u0103 devin\u0103 \u201eomul potrivit la locul potrivit\u201d, precum \u0219i o persoan\u0103 activ\u0103, responsabil\u0103 \u0219i receptiv\u0103 la nevoile societa\u0163ii.<\/span><\/p><p class=\"MsoNormal\" style=\"margin-bottom: 12.5pt; line-height: 13.75pt; background-image: initial; background-position: initial; background-size: initial; background-repeat: initial; background-attachment: initial; background-origin: initial; background-clip: initial;\"><b><span style=\"font-family: Roboto; mso-fareast-font-family: 'Times New Roman'; mso-bidi-font-family: Arial; color: #242424;\">\u021ainte strategice<\/span><\/b><\/p><ul type=\"disc\"><li class=\"MsoNormal\" style=\"color: #242424; line-height: 13.75pt; background-image: initial; background-position: initial; background-size: initial; background-repeat: initial; background-attachment: initial; background-origin: initial; background-clip: initial;\"><span style=\"font-family: Roboto; mso-fareast-font-family: 'Times New Roman'; mso-bidi-font-family: Arial;\">Sporirea calit\u0103\u021bii actului didactic; <\/span><\/li><li class=\"MsoNormal\" style=\"color: #242424; line-height: 13.75pt; background-image: initial; background-position: initial; background-size: initial; background-repeat: initial; background-attachment: initial; background-origin: initial; background-clip: initial;\"><span style=\"font-family: Roboto; mso-fareast-font-family: 'Times New Roman'; mso-bidi-font-family: Arial;\">Modelarea continu\u0103 a elevilor, \u00een vederea unei integr\u0103ri eficiente \u00een societatea actual\u0103, din punct de vedere \u0219colar \u0219i social, prin dezvoltarea, cu prec\u0103dere, a elevilor \u0219colii noastre, a compe\u021bentelor de comunicare social\u0103 \u0219i rela\u021bionare interpersonal\u0103;<\/span><\/li><li class=\"MsoNormal\" style=\"color: #242424; line-height: 13.75pt; background-image: initial; background-position: initial; background-size: initial; background-repeat: initial; background-attachment: initial; background-origin: initial; background-clip: initial;\"><span style=\"font-family: Roboto; mso-fareast-font-family: 'Times New Roman'; mso-bidi-font-family: Arial;\">Extinderea accesului elevilor la mijloacele moderne de \u00eenv\u0103\u021bare \u0219i comunicare pentru cre\u0219terea motiva\u021biei studiului;<\/span><\/li><li class=\"MsoNormal\" style=\"color: #242424; line-height: 13.75pt; background-image: initial; background-position: initial; background-size: initial; background-repeat: initial; background-attachment: initial; background-origin: initial; background-clip: initial;\"><span style=\"font-family: Roboto; mso-fareast-font-family: 'Times New Roman'; mso-bidi-font-family: Arial;\">Dezvoltarea unor deprinderi de munc\u0103 intelectual\u0103 individual\u0103 \u0219i \u00een echip\u0103;<\/span><\/li><li class=\"MsoNormal\" style=\"color: #242424; line-height: 13.75pt; background-image: initial; background-position: initial; background-size: initial; background-repeat: initial; background-attachment: initial; background-origin: initial; background-clip: initial;\"><span style=\"font-family: Roboto; mso-fareast-font-family: 'Times New Roman'; mso-bidi-font-family: Arial;\">Asigurarea competen\u021belor necesare pentru admiterea \u00een urmatoarea etap\u0103 de \u00eenv\u0103\u021b\u0103m\u00e2nt;.<\/span><\/li><\/ul><p class=\"MsoNormal\"><span style=\"font-family: Roboto;\">\u00a0<\/span><\/p>\t\t\t\t\t<\/div>\n\t\t\t\t\t\t<\/div>\n\t\t\t\t<\/div>\n\t\t\t\t\t\t<\/div>\n\t\t\t\t\t<\/div>\n\t\t<\/div>\n\t\t\t\t\t\t\t\t<\/div>\n\t\t\t\t\t<\/div>\n\t\t<\/section>\n\t\t\t\t<section class=\"elementor-section elementor-top-section elementor-element elementor-element-8447ba5 elementor-section-boxed elementor-section-height-default elementor-section-height-default\" data-id=\"8447ba5\" data-element_type=\"section\">\n\t\t\t\t\t\t<div class=\"elementor-container elementor-column-gap-default\">\n\t\t\t\t\t\t\t<div class=\"elementor-row\">\n\t\t\t\t\t<div class=\"elementor-column elementor-col-100 elementor-top-column elementor-element elementor-element-e90674a\" data-id=\"e90674a\" data-element_type=\"column\">\n\t\t\t<div class=\"elementor-column-wrap elementor-element-populated\">\n\t\t\t\t\t\t\t<div class=\"elementor-widget-wrap\">\n\t\t\t\t\t\t<div class=\"elementor-element elementor-element-afde2f8 elementor-widget elementor-widget-heading\" data-id=\"afde2f8\" data-element_type=\"widget\" data-widget_type=\"heading.default\">\n\t\t\t\t<div class=\"elementor-widget-container\">\n\t\t\t<h6 class=\"elementor-heading-title elementor-size-default\">\u00a9 C\u0103t\u0103lin Ciubotariu<\/h6>\t\t<\/div>\n\t\t\t\t<\/div>\n\t\t\t\t\t\t<\/div>\n\t\t\t\t\t<\/div>\n\t\t<\/div>\n\t\t\t\t\t\t\t\t<\/div>\n\t\t\t\t\t<\/div>\n\t\t<\/section>\n\t\t\t\t\t\t\t\t\t<\/div>\n\t\t\t<\/div>\n\t\t\t\t\t<\/div>\n\t\t","protected":false},"excerpt":{"rendered":"<p>DESPRE NOI \u00cen 2003, prin re\u00eenfiin\u021barea comunei, ne-am desprins de comuna Girov. Astfel, \u0218coala Dochia devine singura unitate \u0219colar\u0103 din comun\u0103 cu personalitate juridic\u0103.&nbsp; Satul Dochia este situat la 22 km de Piatra Neam\u021b, \u00eentre dou\u0103 c\u0103i de acces. Elevii provin din 3 localit\u0103\u021bi: Dochia, B\u0103lu\u0219e\u0219ti, Bahna \u0219i provin din medii sociale diferite. To\u021bi sunt [&hellip;]<\/p>\n","protected":false},"author":1,"featured_media":0,"parent":0,"menu_order":0,"comment_status":"closed","ping_status":"closed","template":"","meta":{"ngg_post_thumbnail":0,"footnotes":""},"class_list":["post-4434","page","type-page","status-publish","hentry","entry"],"_links":{"self":[{"href":"https:\/\/scoaladochia.ro\/index.php?rest_route=\/wp\/v2\/pages\/4434","targetHints":{"allow":["GET"]}}],"collection":[{"href":"https:\/\/scoaladochia.ro\/index.php?rest_route=\/wp\/v2\/pages"}],"about":[{"href":"https:\/\/scoaladochia.ro\/index.php?rest_route=\/wp\/v2\/types\/page"}],"author":[{"embeddable":true,"href":"https:\/\/scoaladochia.ro\/index.php?rest_route=\/wp\/v2\/users\/1"}],"replies":[{"embeddable":true,"href":"https:\/\/scoaladochia.ro\/index.php?rest_route=%2Fwp%2Fv2%2Fcomments&post=4434"}],"version-history":[{"count":21,"href":"https:\/\/scoaladochia.ro\/index.php?rest_route=\/wp\/v2\/pages\/4434\/revisions"}],"predecessor-version":[{"id":4467,"href":"https:\/\/scoaladochia.ro\/index.php?rest_route=\/wp\/v2\/pages\/4434\/revisions\/4467"}],"wp:attachment":[{"href":"https:\/\/scoaladochia.ro\/index.php?rest_route=%2Fwp%2Fv2%2Fmedia&parent=4434"}],"curies":[{"name":"wp","href":"https:\/\/api.w.org\/{rel}","templated":true}]}}