{"id":3548,"date":"2019-06-23T12:59:30","date_gmt":"2019-06-23T12:59:30","guid":{"rendered":"https:\/\/scoaladochia.ro\/?page_id=3548"},"modified":"2020-09-08T07:36:36","modified_gmt":"2020-09-08T07:36:36","slug":"amintiri-din-copilarie","status":"publish","type":"page","link":"https:\/\/scoaladochia.ro\/?page_id=3548","title":{"rendered":"\u201eAmintiri din copil\u0103rie\u201d"},"content":{"rendered":"\t\t<div data-elementor-type=\"wp-post\" data-elementor-id=\"3548\" class=\"elementor elementor-3548\">\n\t\t\t\t\t\t<div class=\"elementor-inner\">\n\t\t\t\t<div class=\"elementor-section-wrap\">\n\t\t\t\t\t\t\t\t\t<section class=\"elementor-section elementor-top-section elementor-element elementor-element-73c1ee3c elementor-section-height-min-height elementor-section-full_width elementor-section-content-middle elementor-section-height-default elementor-section-items-middle\" data-id=\"73c1ee3c\" data-element_type=\"section\" data-settings=\"{&quot;background_background&quot;:&quot;classic&quot;}\">\n\t\t\t\t\t\t<div class=\"elementor-container elementor-column-gap-wider\">\n\t\t\t\t\t\t\t<div class=\"elementor-row\">\n\t\t\t\t\t<div class=\"elementor-column elementor-col-100 elementor-top-column elementor-element elementor-element-523db94\" data-id=\"523db94\" data-element_type=\"column\">\n\t\t\t<div class=\"elementor-column-wrap elementor-element-populated\">\n\t\t\t\t\t\t\t<div class=\"elementor-widget-wrap\">\n\t\t\t\t\t\t<div class=\"elementor-element elementor-element-2935625d elementor-widget elementor-widget-heading\" data-id=\"2935625d\" data-element_type=\"widget\" data-widget_type=\"heading.default\">\n\t\t\t\t<div class=\"elementor-widget-container\">\n\t\t\t<h2 class=\"elementor-heading-title elementor-size-large\">\u201eAmintiri din copil\u0103rie\u201d <\/h2>\t\t<\/div>\n\t\t\t\t<\/div>\n\t\t\t\t\t\t<\/div>\n\t\t\t\t\t<\/div>\n\t\t<\/div>\n\t\t\t\t\t\t\t\t<\/div>\n\t\t\t\t\t<\/div>\n\t\t<\/section>\n\t\t\t\t<section class=\"elementor-section elementor-top-section elementor-element elementor-element-eaec7ac elementor-section-boxed elementor-section-height-default elementor-section-height-default\" data-id=\"eaec7ac\" data-element_type=\"section\">\n\t\t\t\t\t\t<div class=\"elementor-container elementor-column-gap-default\">\n\t\t\t\t\t\t\t<div class=\"elementor-row\">\n\t\t\t\t\t<div class=\"elementor-column elementor-col-100 elementor-top-column elementor-element elementor-element-f51498d\" data-id=\"f51498d\" data-element_type=\"column\">\n\t\t\t<div class=\"elementor-column-wrap elementor-element-populated\">\n\t\t\t\t\t\t\t<div class=\"elementor-widget-wrap\">\n\t\t\t\t\t\t<div class=\"elementor-element elementor-element-c53f6bb elementor-widget elementor-widget-spacer\" data-id=\"c53f6bb\" data-element_type=\"widget\" data-widget_type=\"spacer.default\">\n\t\t\t\t<div class=\"elementor-widget-container\">\n\t\t\t\t\t<div class=\"elementor-spacer\">\n\t\t\t<div class=\"elementor-spacer-inner\"><\/div>\n\t\t<\/div>\n\t\t\t\t<\/div>\n\t\t\t\t<\/div>\n\t\t\t\t\t\t<\/div>\n\t\t\t\t\t<\/div>\n\t\t<\/div>\n\t\t\t\t\t\t\t\t<\/div>\n\t\t\t\t\t<\/div>\n\t\t<\/section>\n\t\t\t\t<section class=\"elementor-section elementor-top-section elementor-element elementor-element-c2a63b6 elementor-section-boxed elementor-section-height-default elementor-section-height-default\" data-id=\"c2a63b6\" data-element_type=\"section\">\n\t\t\t\t\t\t<div class=\"elementor-container elementor-column-gap-default\">\n\t\t\t\t\t\t\t<div class=\"elementor-row\">\n\t\t\t\t\t<div class=\"elementor-column elementor-col-100 elementor-top-column elementor-element elementor-element-b0694f3\" data-id=\"b0694f3\" data-element_type=\"column\">\n\t\t\t<div class=\"elementor-column-wrap elementor-element-populated\">\n\t\t\t\t\t\t\t<div class=\"elementor-widget-wrap\">\n\t\t\t\t\t\t<div class=\"elementor-element elementor-element-cf44a77 elementor-widget elementor-widget-text-editor\" data-id=\"cf44a77\" data-element_type=\"widget\" data-widget_type=\"text-editor.default\">\n\t\t\t\t<div class=\"elementor-widget-container\">\n\t\t\t\t\t\t\t\t<div class=\"elementor-text-editor elementor-clearfix\">\n\t\t\t\t<p>Concursul \u201eAmintiri din copil\u0103rie\u201d a organizat pentru a patra edi\u021bie la care am aderat \u0219i noi. Anul acesta s-a desf\u0103\u0219urat \u00een trei etape independente. Au fost bineveni\u021bi copiii de la toate grupele de gr\u0103dini\u021b\u0103 \u0219i toate clasele primare. \u00cen \u0218coala Dochia s-a preocupat de mediatizarea, \u00eenscrierea \u0219i organizarea concursului, doamna prof. Acsinte Rodica.<\/p>\t\t\t\t\t<\/div>\n\t\t\t\t\t\t<\/div>\n\t\t\t\t<\/div>\n\t\t\t\t\t\t<\/div>\n\t\t\t\t\t<\/div>\n\t\t<\/div>\n\t\t\t\t\t\t\t\t<\/div>\n\t\t\t\t\t<\/div>\n\t\t<\/section>\n\t\t\t\t<section class=\"elementor-section elementor-top-section elementor-element elementor-element-e50070f elementor-section-boxed elementor-section-height-default elementor-section-height-default\" data-id=\"e50070f\" data-element_type=\"section\">\n\t\t\t\t\t\t<div class=\"elementor-container elementor-column-gap-default\">\n\t\t\t\t\t\t\t<div class=\"elementor-row\">\n\t\t\t\t\t<div class=\"elementor-column elementor-col-100 elementor-top-column elementor-element elementor-element-535cf4b\" data-id=\"535cf4b\" data-element_type=\"column\">\n\t\t\t<div class=\"elementor-column-wrap elementor-element-populated\">\n\t\t\t\t\t\t\t<div class=\"elementor-widget-wrap\">\n\t\t\t\t\t\t<div class=\"elementor-element elementor-element-baf2441 elementor-widget elementor-widget-text-editor\" data-id=\"baf2441\" data-element_type=\"widget\" data-widget_type=\"text-editor.default\">\n\t\t\t\t<div class=\"elementor-widget-container\">\n\t\t\t\t\t\t\t\t<div class=\"elementor-text-editor elementor-clearfix\">\n\t\t\t\t<p>Concursul a avut profil inerdisciplinar, fiind format din subiecte la Limba Rom\u00e2n\u0103, Matematic\u0103 \u0219i \u0218tiin\u021be. Pentru clasele primare, au fost tip gril\u0103, cu trei variante de r\u0103spuns, una singur\u0103 fiind corect\u0103. \u00cen func\u021bie de rezultatele ob\u021binute, elevii au fost r\u0103spl\u0103ti\u021bi cu medalii de aur, argint, bronz, men\u021biuni \u0219i diplome de participare Pentru grupele de gr\u0103dini\u021b\u0103, subiectele au fost concepute sub forma unor jocuri educative, cu multiple metode de rezolvare: \u00eencercuire, unire, colorare etc. To\u021bi pre\u0219colarii au primit diplome speciale \u0219i medalia \u201eAmintiri din Copil\u0103rie\u201d.<\/p>\t\t\t\t\t<\/div>\n\t\t\t\t\t\t<\/div>\n\t\t\t\t<\/div>\n\t\t\t\t\t\t<\/div>\n\t\t\t\t\t<\/div>\n\t\t<\/div>\n\t\t\t\t\t\t\t\t<\/div>\n\t\t\t\t\t<\/div>\n\t\t<\/section>\n\t\t\t\t<section class=\"elementor-section elementor-top-section elementor-element elementor-element-8548da7 elementor-section-boxed elementor-section-height-default elementor-section-height-default\" data-id=\"8548da7\" data-element_type=\"section\">\n\t\t\t\t\t\t<div class=\"elementor-container elementor-column-gap-default\">\n\t\t\t\t\t\t\t<div class=\"elementor-row\">\n\t\t\t\t\t<div class=\"elementor-column elementor-col-100 elementor-top-column elementor-element elementor-element-9317295\" data-id=\"9317295\" data-element_type=\"column\">\n\t\t\t<div class=\"elementor-column-wrap elementor-element-populated\">\n\t\t\t\t\t\t\t<div class=\"elementor-widget-wrap\">\n\t\t\t\t\t\t<div class=\"elementor-element elementor-element-d0c9d2e elementor-widget elementor-widget-spacer\" data-id=\"d0c9d2e\" data-element_type=\"widget\" data-widget_type=\"spacer.default\">\n\t\t\t\t<div class=\"elementor-widget-container\">\n\t\t\t\t\t<div class=\"elementor-spacer\">\n\t\t\t<div class=\"elementor-spacer-inner\"><\/div>\n\t\t<\/div>\n\t\t\t\t<\/div>\n\t\t\t\t<\/div>\n\t\t\t\t\t\t<\/div>\n\t\t\t\t\t<\/div>\n\t\t<\/div>\n\t\t\t\t\t\t\t\t<\/div>\n\t\t\t\t\t<\/div>\n\t\t<\/section>\n\t\t\t\t<section class=\"elementor-section elementor-top-section elementor-element elementor-element-aac1fd3 elementor-section-boxed elementor-section-height-default elementor-section-height-default\" data-id=\"aac1fd3\" data-element_type=\"section\">\n\t\t\t\t\t\t<div class=\"elementor-container elementor-column-gap-default\">\n\t\t\t\t\t\t\t<div class=\"elementor-row\">\n\t\t\t\t\t<div class=\"elementor-column elementor-col-100 elementor-top-column elementor-element elementor-element-e4dbc20\" data-id=\"e4dbc20\" data-element_type=\"column\">\n\t\t\t<div class=\"elementor-column-wrap elementor-element-populated\">\n\t\t\t\t\t\t\t<div class=\"elementor-widget-wrap\">\n\t\t\t\t\t\t<div class=\"elementor-element elementor-element-674f105 elementor-widget elementor-widget-heading\" data-id=\"674f105\" data-element_type=\"widget\" data-widget_type=\"heading.default\">\n\t\t\t\t<div class=\"elementor-widget-container\">\n\t\t\t<h6 class=\"elementor-heading-title elementor-size-default\">\u00a9 C\u0103t\u0103lin Ciubotariu<\/h6>\t\t<\/div>\n\t\t\t\t<\/div>\n\t\t\t\t\t\t<\/div>\n\t\t\t\t\t<\/div>\n\t\t<\/div>\n\t\t\t\t\t\t\t\t<\/div>\n\t\t\t\t\t<\/div>\n\t\t<\/section>\n\t\t\t\t\t\t\t\t\t<\/div>\n\t\t\t<\/div>\n\t\t\t\t\t<\/div>\n\t\t","protected":false},"excerpt":{"rendered":"<p>\u201eAmintiri din copil\u0103rie\u201d Concursul \u201eAmintiri din copil\u0103rie\u201d a organizat pentru a patra edi\u021bie la care am aderat \u0219i noi. Anul acesta s-a desf\u0103\u0219urat \u00een trei etape independente. Au fost bineveni\u021bi copiii de la toate grupele de gr\u0103dini\u021b\u0103 \u0219i toate clasele primare. \u00cen \u0218coala Dochia s-a preocupat de mediatizarea, \u00eenscrierea \u0219i organizarea concursului, doamna prof. Acsinte [&hellip;]<\/p>\n","protected":false},"author":1,"featured_media":0,"parent":0,"menu_order":0,"comment_status":"closed","ping_status":"closed","template":"","meta":{"ngg_post_thumbnail":0,"footnotes":""},"class_list":["post-3548","page","type-page","status-publish","hentry","entry"],"_links":{"self":[{"href":"https:\/\/scoaladochia.ro\/index.php?rest_route=\/wp\/v2\/pages\/3548","targetHints":{"allow":["GET"]}}],"collection":[{"href":"https:\/\/scoaladochia.ro\/index.php?rest_route=\/wp\/v2\/pages"}],"about":[{"href":"https:\/\/scoaladochia.ro\/index.php?rest_route=\/wp\/v2\/types\/page"}],"author":[{"embeddable":true,"href":"https:\/\/scoaladochia.ro\/index.php?rest_route=\/wp\/v2\/users\/1"}],"replies":[{"embeddable":true,"href":"https:\/\/scoaladochia.ro\/index.php?rest_route=%2Fwp%2Fv2%2Fcomments&post=3548"}],"version-history":[{"count":8,"href":"https:\/\/scoaladochia.ro\/index.php?rest_route=\/wp\/v2\/pages\/3548\/revisions"}],"predecessor-version":[{"id":3696,"href":"https:\/\/scoaladochia.ro\/index.php?rest_route=\/wp\/v2\/pages\/3548\/revisions\/3696"}],"wp:attachment":[{"href":"https:\/\/scoaladochia.ro\/index.php?rest_route=%2Fwp%2Fv2%2Fmedia&parent=3548"}],"curies":[{"name":"wp","href":"https:\/\/api.w.org\/{rel}","templated":true}]}}